{"id":16740,"date":"2025-12-19T07:56:16","date_gmt":"2025-12-19T10:56:16","guid":{"rendered":"https:\/\/www.universidadnotarial.edu.ar\/una\/?page_id=16740"},"modified":"2025-12-30T10:29:26","modified_gmt":"2025-12-30T13:29:26","slug":"subsidio-colescba","status":"publish","type":"page","link":"https:\/\/www.universidadnotarial.edu.ar\/una\/subsidio-colescba\/","title":{"rendered":"Subsidio COLESCBA"},"content":{"rendered":"\t\t<div data-elementor-type=\"wp-page\" data-elementor-id=\"16740\" class=\"elementor elementor-16740\" data-elementor-post-type=\"page\">\n\t\t\t\t<div class=\"elementor-element elementor-element-babfcc9 e-flex e-con-boxed e-con e-parent\" data-id=\"babfcc9\" data-element_type=\"container\" data-e-type=\"container\" data-settings=\"{&quot;background_background&quot;:&quot;classic&quot;}\">\n\t\t\t\t\t<div class=\"e-con-inner\">\n\t\t\t\t<div class=\"elementor-element elementor-element-b209e17 animated-slow elementor-invisible elementor-widget elementor-widget-heading\" data-id=\"b209e17\" data-element_type=\"widget\" data-e-type=\"widget\" data-settings=\"{&quot;_animation&quot;:&quot;fadeInUp&quot;,&quot;_animation_delay&quot;:500}\" data-widget_type=\"heading.default\">\n\t\t\t\t\t<h2 class=\"elementor-heading-title elementor-size-default\">Subsidio COLESCBA<\/h2>\t\t\t\t<\/div>\n\t\t\t\t\t<\/div>\n\t\t\t\t<\/div>\n\t\t<div class=\"elementor-element elementor-element-665337b e-flex e-con-boxed e-con e-parent\" data-id=\"665337b\" data-element_type=\"container\" data-e-type=\"container\">\n\t\t\t\t\t<div class=\"e-con-inner\">\n\t\t\t\t<div class=\"elementor-element elementor-element-65435b9 elementor-widget elementor-widget-heading\" data-id=\"65435b9\" data-element_type=\"widget\" data-e-type=\"widget\" data-widget_type=\"heading.default\">\n\t\t\t\t\t<h1 class=\"elementor-heading-title elementor-size-default\">Condiciones Subsidio COLESCBA<\/h1>\t\t\t\t<\/div>\n\t\t\t\t\t<\/div>\n\t\t\t\t<\/div>\n\t\t<div class=\"elementor-element elementor-element-97984e6 e-flex e-con-boxed e-con e-child\" data-id=\"97984e6\" data-element_type=\"container\" data-e-type=\"container\">\n\t\t\t\t\t<div class=\"e-con-inner\">\n\t\t\t\t<div class=\"elementor-element elementor-element-5ce3d59 elementor-widget elementor-widget-heading\" data-id=\"5ce3d59\" data-element_type=\"widget\" data-e-type=\"widget\" data-widget_type=\"heading.default\">\n\t\t\t\t\t<h1 class=\"elementor-heading-title elementor-size-default\">REQUISITOS PARA ACCEDER AL BENEFICIO<\/h1>\t\t\t\t<\/div>\n\t\t\t\t<div class=\"elementor-element elementor-element-92800cb texto-compacto elementor-widget elementor-widget-text-editor\" data-id=\"92800cb\" data-element_type=\"widget\" data-e-type=\"widget\" data-widget_type=\"text-editor.default\">\n\t\t\t\t\t\t\t\t\t<p>a) Ser Notario de la Provincia de Buenos Aires.<br \/>b) No poseer deuda con la Caja de Seguridad Social ni con el Colegio de Escribanos.<br \/>c) Ser alumno regular de alguna de las carreras o asistente a curso de posgrado dictados por la UNA .<br \/>d) Presentar solicitud de subsidio adjuntando fotocopia de los comprobantes de pago exhibiendo original.<\/p>\t\t\t\t\t\t\t\t<\/div>\n\t\t\t\t<div class=\"elementor-element elementor-element-3b8c21e elementor-widget elementor-widget-heading\" data-id=\"3b8c21e\" data-element_type=\"widget\" data-e-type=\"widget\" data-widget_type=\"heading.default\">\n\t\t\t\t\t<h1 class=\"elementor-heading-title elementor-size-default\">GASTOS A REINTEGRAR<\/h1>\t\t\t\t<\/div>\n\t\t\t\t<div class=\"elementor-element elementor-element-da8424e texto-compacto elementor-widget elementor-widget-text-editor\" data-id=\"da8424e\" data-element_type=\"widget\" data-e-type=\"widget\" data-widget_type=\"text-editor.default\">\n\t\t\t\t\t\t\t\t\t<p>Se reintegrar\u00e1 el 50% de todos los gastos en concepto de inscripci\u00f3n, cuotas y matr\u00edculas abonados por los notarios que asistan a cursos y carreras que se dictan en la Universidad Notarial, de acuerdo a lo establecido por el Comit\u00e9 Ejecutivo.<br \/>Las solicitudes presentadas se abonar\u00e1n con acreditaci\u00f3n en cuenta.<\/p>\t\t\t\t\t\t\t\t<\/div>\n\t\t\t\t<div class=\"elementor-element elementor-element-cf7f5c5 elementor-widget elementor-widget-heading\" data-id=\"cf7f5c5\" data-element_type=\"widget\" data-e-type=\"widget\" data-widget_type=\"heading.default\">\n\t\t\t\t\t<h1 class=\"elementor-heading-title elementor-size-default\">SOLICITUD DE REINTEGRO<\/h1>\t\t\t\t<\/div>\n\t\t\t\t<div class=\"elementor-element elementor-element-3357f04 texto-compacto elementor-widget elementor-widget-text-editor\" data-id=\"3357f04\" data-element_type=\"widget\" data-e-type=\"widget\" data-widget_type=\"text-editor.default\">\n\t\t\t\t\t\t\t\t\t<p>Los notarios presentar\u00e1n en la Delegaci\u00f3n de su demarcaci\u00f3n formulario de Solicitud de Subsidio de Capacitaci\u00f3n (F100) adjuntando fotocopia\u00a0del certificado de asistencia y\u00a0de los comprobantes de pago debiendo exhibir los originales respectivos para constataci\u00f3n por parte del empleado actuante.<\/p>\t\t\t\t\t\t\t\t<\/div>\n\t\t\t\t<div class=\"elementor-element elementor-element-3030c59 elementor-widget elementor-widget-heading\" data-id=\"3030c59\" data-element_type=\"widget\" data-e-type=\"widget\" data-widget_type=\"heading.default\">\n\t\t\t\t\t<h1 class=\"elementor-heading-title elementor-size-default\">LIQUIDACI\u00d3N Y PAGO<\/h1>\t\t\t\t<\/div>\n\t\t\t\t<div class=\"elementor-element elementor-element-e48323c texto-compacto elementor-widget elementor-widget-text-editor\" data-id=\"e48323c\" data-element_type=\"widget\" data-e-type=\"widget\" data-widget_type=\"text-editor.default\">\n\t\t\t\t\t\t\t\t\t<p>Una vez realizados los controles precedentes dentro de los primeros cinco d\u00edas h\u00e1biles de cada mes el Sector Tesorer\u00eda proceder\u00e1 a la liquidaci\u00f3n de las solicitudes presentadas.<br \/>Para mayor informaci\u00f3n, usted puede consultar en la sede de su Delegaci\u00f3n.<\/p>\t\t\t\t\t\t\t\t<\/div>\n\t\t\t\t\t<\/div>\n\t\t\t\t<\/div>\n\t\t\t\t<\/div>\n\t\t","protected":false},"excerpt":{"rendered":"<p>Subsidio COLESCBA Condiciones Subsidio COLESCBA REQUISITOS PARA ACCEDER AL BENEFICIO a) Ser Notario de la Provincia de Buenos Aires.b) No poseer deuda con la Caja de Seguridad Social ni con el Colegio de Escribanos.c) Ser alumno regular de alguna de las carreras o asistente a curso de posgrado dictados por la UNA .d) Presentar solicitud [&hellip;]<\/p>\n","protected":false},"author":1,"featured_media":0,"parent":0,"menu_order":0,"comment_status":"closed","ping_status":"closed","template":"elementor_header_footer","meta":{"footnotes":""},"class_list":["post-16740","page","type-page","status-publish","hentry"],"_links":{"self":[{"href":"https:\/\/www.universidadnotarial.edu.ar\/una\/wp-json\/wp\/v2\/pages\/16740","targetHints":{"allow":["GET"]}}],"collection":[{"href":"https:\/\/www.universidadnotarial.edu.ar\/una\/wp-json\/wp\/v2\/pages"}],"about":[{"href":"https:\/\/www.universidadnotarial.edu.ar\/una\/wp-json\/wp\/v2\/types\/page"}],"author":[{"embeddable":true,"href":"https:\/\/www.universidadnotarial.edu.ar\/una\/wp-json\/wp\/v2\/users\/1"}],"replies":[{"embeddable":true,"href":"https:\/\/www.universidadnotarial.edu.ar\/una\/wp-json\/wp\/v2\/comments?post=16740"}],"version-history":[{"count":14,"href":"https:\/\/www.universidadnotarial.edu.ar\/una\/wp-json\/wp\/v2\/pages\/16740\/revisions"}],"predecessor-version":[{"id":18315,"href":"https:\/\/www.universidadnotarial.edu.ar\/una\/wp-json\/wp\/v2\/pages\/16740\/revisions\/18315"}],"wp:attachment":[{"href":"https:\/\/www.universidadnotarial.edu.ar\/una\/wp-json\/wp\/v2\/media?parent=16740"}],"curies":[{"name":"wp","href":"https:\/\/api.w.org\/{rel}","templated":true}]}}