{"id":16582,"date":"2025-12-18T07:29:52","date_gmt":"2025-12-18T10:29:52","guid":{"rendered":"https:\/\/www.universidadnotarial.edu.ar\/una\/?page_id=16582"},"modified":"2025-12-18T07:43:42","modified_gmt":"2025-12-18T10:43:42","slug":"certificacion-digital","status":"publish","type":"page","link":"https:\/\/www.universidadnotarial.edu.ar\/una\/certificacion-digital\/","title":{"rendered":"Certificaci\u00f3n Digital"},"content":{"rendered":"\t\t<div data-elementor-type=\"wp-page\" data-elementor-id=\"16582\" class=\"elementor elementor-16582\" data-elementor-post-type=\"page\">\n\t\t\t\t<div class=\"elementor-element elementor-element-d0bcdd5 e-flex e-con-boxed e-con e-parent\" data-id=\"d0bcdd5\" data-element_type=\"container\" data-e-type=\"container\" data-settings=\"{&quot;background_background&quot;:&quot;classic&quot;}\">\n\t\t\t\t\t<div class=\"e-con-inner\">\n\t\t\t\t<div class=\"elementor-element elementor-element-17098ea animated-slow elementor-invisible elementor-widget elementor-widget-heading\" data-id=\"17098ea\" data-element_type=\"widget\" data-e-type=\"widget\" data-settings=\"{&quot;_animation&quot;:&quot;fadeInUp&quot;,&quot;_animation_delay&quot;:500}\" data-widget_type=\"heading.default\">\n\t\t\t\t\t<span class=\"elementor-heading-title elementor-size-default\">Certificaci\u00f3n digital<\/span>\t\t\t\t<\/div>\n\t\t\t\t\t<\/div>\n\t\t\t\t<\/div>\n\t\t<div class=\"elementor-element elementor-element-27d80b1 e-flex e-con-boxed e-con e-parent\" data-id=\"27d80b1\" data-element_type=\"container\" data-e-type=\"container\">\n\t\t\t\t\t<div class=\"e-con-inner\">\n\t\t\t\t<div class=\"elementor-element elementor-element-70a5eea elementor-widget elementor-widget-heading\" data-id=\"70a5eea\" data-element_type=\"widget\" data-e-type=\"widget\" data-widget_type=\"heading.default\">\n\t\t\t\t\t<h1 class=\"elementor-heading-title elementor-size-default\">Nuevo formato de certificaci\u00f3n digital<\/h1>\t\t\t\t<\/div>\n\t\t\t\t\t<\/div>\n\t\t\t\t<\/div>\n\t\t<div class=\"elementor-element elementor-element-2bcda1b e-flex e-con-boxed e-con e-parent\" data-id=\"2bcda1b\" data-element_type=\"container\" data-e-type=\"container\">\n\t\t\t\t\t<div class=\"e-con-inner\">\n\t\t\t\t<div class=\"elementor-element elementor-element-a9910d5 elementor-widget elementor-widget-text-editor\" data-id=\"a9910d5\" data-element_type=\"widget\" data-e-type=\"widget\" data-widget_type=\"text-editor.default\">\n\t\t\t\t\t\t\t\t\t<p>Los certificados correspondientes a las actividades de formaci\u00f3n continua se emiten en formato digital <strong>(PDF).<\/strong><\/p><p><strong>Cada alumno podr\u00e1 acceder a sus certificaciones:<\/strong> visualizarlas, descargarlas, guardarlas en cualquier dispositivo e imprimirlas. Para hacerlo <strong>debe ingresar con su usuario y contrase\u00f1a a MIUNA.<\/strong><\/p><p>Cada certificado dispondr\u00e1 de un <strong>c\u00f3digo de seguridad \u00fanico que permitir\u00e1 constatar su autenticidad<\/strong> por cualquier interesado ingresando a <strong><a href=\"https:\/\/www.universidadnotarial.edu.ar\/una\/\">www.universidadnotarial.edu.ar<\/a><\/strong><\/p>\t\t\t\t\t\t\t\t<\/div>\n\t\t\t\t<div class=\"elementor-element elementor-element-e1cda71 elementor-widget elementor-widget-heading\" data-id=\"e1cda71\" data-element_type=\"widget\" data-e-type=\"widget\" data-widget_type=\"heading.default\">\n\t\t\t\t\t<h3 class=\"elementor-heading-title elementor-size-default\">REQUISITOS GENERALES PARA OBTENCI\u00d3N DE CERTIFICADOS<\/h3>\t\t\t\t<\/div>\n\t\t\t\t<div class=\"elementor-element elementor-element-338b1a4 elementor-widget elementor-widget-text-editor\" data-id=\"338b1a4\" data-element_type=\"widget\" data-e-type=\"widget\" data-widget_type=\"text-editor.default\">\n\t\t\t\t\t\t\t\t\t<p><strong>ACTIVIDADES PRESENCIALES y EN VIVO<\/strong><br \/><strong>Certificado de participaci\u00f3n:<\/strong> asistencia m\u00ednima 75 %.<\/p><p><strong>Certificado de aprobaci\u00f3n<\/strong> (en aquellas actividades que incluyen instancia de aprobaci\u00f3n): asistencia m\u00ednima del 75% m\u00e1s aprobaci\u00f3n de la\/s instancia\/s de evaluaci\u00f3n.<\/p><p><strong>Diplomaturas:<\/strong> seg\u00fan Reglamento (Ver reglamento)<\/p><p><strong>Asistencia<\/strong><br \/>La asistencia se registrar\u00e1 durante los primeros veinte minutos a partir del horario anunciado para el inicio de la clase.<\/p><p><strong>ACTIVIDADES VIRTUALES<\/strong><br \/><strong>Sin evaluaci\u00f3n:<\/strong> se indica en cada actividad si se emite certificado.<br \/><strong>Con evaluaci\u00f3n:<\/strong> presentan dos modalidades de certificaci\u00f3n:<br \/><em><strong>*Certificados de participaci\u00f3n,<\/strong><\/em> si la actividad presenta varias instancias de evaluaci\u00f3n, deber\u00e1n aprobarse al menos el 60% de ellas. Las actividades formativas que presentan dos evaluaciones, requerir\u00e1n la aprobaci\u00f3n de ambas instancias. En todos los casos, se trata de evaluaciones que se presentan a trav\u00e9s del campus virtual.<br \/><em><strong>* Certificado de aprobaci\u00f3n,<\/strong><\/em> para quienes obtengan el certificado de participaci\u00f3n y aprueben una evaluaci\u00f3n final presencial o virtual.<\/p>\t\t\t\t\t\t\t\t<\/div>\n\t\t\t\t\t<\/div>\n\t\t\t\t<\/div>\n\t\t\t\t<\/div>\n\t\t","protected":false},"excerpt":{"rendered":"<p>Certificaci\u00f3n digital Nuevo formato de certificaci\u00f3n digital Los certificados correspondientes a las actividades de formaci\u00f3n continua se emiten en formato digital (PDF). Cada alumno podr\u00e1 acceder a sus certificaciones: visualizarlas, descargarlas, guardarlas en cualquier dispositivo e imprimirlas. Para hacerlo debe ingresar con su usuario y contrase\u00f1a a MIUNA. Cada certificado dispondr\u00e1 de un c\u00f3digo de [&hellip;]<\/p>\n","protected":false},"author":1,"featured_media":0,"parent":0,"menu_order":0,"comment_status":"closed","ping_status":"closed","template":"elementor_header_footer","meta":{"footnotes":""},"class_list":["post-16582","page","type-page","status-publish","hentry"],"_links":{"self":[{"href":"https:\/\/www.universidadnotarial.edu.ar\/una\/wp-json\/wp\/v2\/pages\/16582","targetHints":{"allow":["GET"]}}],"collection":[{"href":"https:\/\/www.universidadnotarial.edu.ar\/una\/wp-json\/wp\/v2\/pages"}],"about":[{"href":"https:\/\/www.universidadnotarial.edu.ar\/una\/wp-json\/wp\/v2\/types\/page"}],"author":[{"embeddable":true,"href":"https:\/\/www.universidadnotarial.edu.ar\/una\/wp-json\/wp\/v2\/users\/1"}],"replies":[{"embeddable":true,"href":"https:\/\/www.universidadnotarial.edu.ar\/una\/wp-json\/wp\/v2\/comments?post=16582"}],"version-history":[{"count":4,"href":"https:\/\/www.universidadnotarial.edu.ar\/una\/wp-json\/wp\/v2\/pages\/16582\/revisions"}],"predecessor-version":[{"id":16591,"href":"https:\/\/www.universidadnotarial.edu.ar\/una\/wp-json\/wp\/v2\/pages\/16582\/revisions\/16591"}],"wp:attachment":[{"href":"https:\/\/www.universidadnotarial.edu.ar\/una\/wp-json\/wp\/v2\/media?parent=16582"}],"curies":[{"name":"wp","href":"https:\/\/api.w.org\/{rel}","templated":true}]}}