{"id":16333,"date":"2025-11-02T17:16:22","date_gmt":"2025-11-02T20:16:22","guid":{"rendered":"https:\/\/www.universidadnotarial.edu.ar\/una\/?page_id=16333"},"modified":"2026-03-10T14:57:35","modified_gmt":"2026-03-10T17:57:35","slug":"biblioteca-virtual","status":"publish","type":"page","link":"https:\/\/www.universidadnotarial.edu.ar\/una\/biblioteca-virtual\/","title":{"rendered":"Biblioteca Virtual"},"content":{"rendered":"\t\t<div data-elementor-type=\"wp-page\" data-elementor-id=\"16333\" class=\"elementor elementor-16333\" data-elementor-post-type=\"page\">\n\t\t\t\t<div class=\"elementor-element elementor-element-0a7ba90 e-flex e-con-boxed e-con e-parent\" data-id=\"0a7ba90\" data-element_type=\"container\" data-e-type=\"container\" data-settings=\"{&quot;background_background&quot;:&quot;classic&quot;}\">\n\t\t\t\t\t<div class=\"e-con-inner\">\n\t\t\t\t<div class=\"elementor-element elementor-element-e11f677 animated-slow elementor-invisible elementor-widget elementor-widget-heading\" data-id=\"e11f677\" data-element_type=\"widget\" data-e-type=\"widget\" data-settings=\"{&quot;_animation&quot;:&quot;fadeInUp&quot;,&quot;_animation_delay&quot;:500}\" data-widget_type=\"heading.default\">\n\t\t\t\t\t<span class=\"elementor-heading-title elementor-size-default\">Biblioteca Virtual<\/span>\t\t\t\t<\/div>\n\t\t\t\t\t<\/div>\n\t\t\t\t<\/div>\n\t\t<div class=\"elementor-element elementor-element-06862e9 e-flex e-con-boxed e-con e-parent\" data-id=\"06862e9\" data-element_type=\"container\" data-e-type=\"container\">\n\t\t\t\t\t<div class=\"e-con-inner\">\n\t\t<div class=\"elementor-element elementor-element-6ad6740 e-con-full e-flex e-con e-child\" data-id=\"6ad6740\" data-element_type=\"container\" data-e-type=\"container\">\n\t\t\t\t<div class=\"elementor-element elementor-element-884a169 elementor-widget elementor-widget-heading\" data-id=\"884a169\" data-element_type=\"widget\" data-e-type=\"widget\" data-widget_type=\"heading.default\">\n\t\t\t\t\t<h2 class=\"elementor-heading-title elementor-size-default\">Usted est\u00e1 accediendo<br><span class=\"crimson-text\">a la Biblioteca de Astrea Virtual<\/span><\/h2>\t\t\t\t<\/div>\n\t\t\t\t<div class=\"elementor-element elementor-element-8c9c667 icono-flecha elementor-view-default elementor-widget elementor-widget-icon\" data-id=\"8c9c667\" data-element_type=\"widget\" data-e-type=\"widget\" data-widget_type=\"icon.default\">\n\t\t\t\t\t\t\t<div class=\"elementor-icon-wrapper\">\n\t\t\t<div class=\"elementor-icon\">\n\t\t\t<svg aria-hidden=\"true\" class=\"e-font-icon-svg e-fas-arrow-right\" viewBox=\"0 0 448 512\" xmlns=\"http:\/\/www.w3.org\/2000\/svg\"><path d=\"M190.5 66.9l22.2-22.2c9.4-9.4 24.6-9.4 33.9 0L441 239c9.4 9.4 9.4 24.6 0 33.9L246.6 467.3c-9.4 9.4-24.6 9.4-33.9 0l-22.2-22.2c-9.5-9.5-9.3-25 .4-34.3L311.4 296H24c-13.3 0-24-10.7-24-24v-32c0-13.3 10.7-24 24-24h287.4L190.9 101.2c-9.8-9.3-10-24.8-.4-34.3z\"><\/path><\/svg>\t\t\t<\/div>\n\t\t<\/div>\n\t\t\t\t\t\t<\/div>\n\t\t\t\t<\/div>\n\t\t<div class=\"elementor-element elementor-element-2055ca9 e-con-full e-flex e-con e-child\" data-id=\"2055ca9\" data-element_type=\"container\" data-e-type=\"container\">\n\t\t\t\t<div class=\"elementor-element elementor-element-e59f6fa elementor-widget elementor-widget-text-editor\" data-id=\"e59f6fa\" data-element_type=\"widget\" data-e-type=\"widget\" data-widget_type=\"text-editor.default\">\n\t\t\t\t\t\t\t\t\t<h6>ATENCI\u00d3N: El beneficio estar\u00e1 disponible desde abril de 2026<\/h6>\t\t\t\t\t\t\t\t<\/div>\n\t\t\t\t<div class=\"elementor-element elementor-element-b437e74 elementor-widget elementor-widget-text-editor\" data-id=\"b437e74\" data-element_type=\"widget\" data-e-type=\"widget\" data-widget_type=\"text-editor.default\">\n\t\t\t\t\t\t\t\t\t<p>En virtud del acuerdo que la Universidad Notarial Argentina ha formalizado con Astrea, <strong>todos los alumnos que se inscriban durante 2026 en carreras y actividades de formaci\u00f3n continua de 64 horas o m\u00e1s<\/strong> de duraci\u00f3n podr\u00e1n utilizar sin cargo los servicios de Astrea Virtual.<\/p><p>Se trata de una base donde encontrar\u00e1 toda la bibliograf\u00eda de Editorial Astrea, integrada por m\u00e1s de 3500 obras.<\/p><p><strong>El acceso estar\u00e1 habilitado desde el momento en que reciba el mail de ASTREA VISTUAL con el usuario y contrase\u00f1a de acceso, hasta el 30 de diciembre de 2026.<\/strong><\/p><p>Tiempo estimado de gesti\u00f3n: 10 d\u00edas h\u00e1biles (a contar desde el inicio del curso o la fecha de inscripci\u00f3n, lo que suceda despu\u00e9s).<\/p>\t\t\t\t\t\t\t\t<\/div>\n\t\t\t\t<div class=\"elementor-element elementor-element-8dc4b40 btn-animated-icon elementor-widget elementor-widget-button\" data-id=\"8dc4b40\" data-element_type=\"widget\" data-e-type=\"widget\" data-widget_type=\"button.default\">\n\t\t\t\t\t\t\t\t\t\t<a class=\"elementor-button elementor-button-link elementor-size-sm\" href=\"https:\/\/www.astreavirtual.com\/\" target=\"_blank\">\n\t\t\t\t\t\t<span class=\"elementor-button-content-wrapper\">\n\t\t\t\t\t\t<span class=\"elementor-button-icon\">\n\t\t\t\t<svg aria-hidden=\"true\" class=\"e-font-icon-svg e-fas-chevron-right\" viewBox=\"0 0 320 512\" xmlns=\"http:\/\/www.w3.org\/2000\/svg\"><path d=\"M285.476 272.971L91.132 467.314c-9.373 9.373-24.569 9.373-33.941 0l-22.667-22.667c-9.357-9.357-9.375-24.522-.04-33.901L188.505 256 34.484 101.255c-9.335-9.379-9.317-24.544.04-33.901l22.667-22.667c9.373-9.373 24.569-9.373 33.941 0L285.475 239.03c9.373 9.372 9.373 24.568.001 33.941z\"><\/path><\/svg>\t\t\t<\/span>\n\t\t\t\t\t\t\t\t\t<span class=\"elementor-button-text\">ACCEDER A LA BIBLIOTECA<\/span>\n\t\t\t\t\t<\/span>\n\t\t\t\t\t<\/a>\n\t\t\t\t\t\t\t\t<\/div>\n\t\t\t\t<\/div>\n\t\t\t\t\t<\/div>\n\t\t\t\t<\/div>\n\t\t<div class=\"elementor-element elementor-element-06349a4 e-flex e-con-boxed e-con e-parent\" data-id=\"06349a4\" data-element_type=\"container\" data-e-type=\"container\">\n\t\t\t\t\t<div class=\"e-con-inner\">\n\t\t<div class=\"elementor-element elementor-element-7cbb696 e-con-full e-flex e-con e-child\" data-id=\"7cbb696\" data-element_type=\"container\" data-e-type=\"container\">\n\t\t\t\t<div class=\"elementor-element elementor-element-5819b64 elementor-widget elementor-widget-heading\" data-id=\"5819b64\" data-element_type=\"widget\" data-e-type=\"widget\" data-widget_type=\"heading.default\">\n\t\t\t\t\t<h2 class=\"elementor-heading-title elementor-size-default\">Soporte t\u00e9cnico<br><span class=\"crimson-text\">Astrea Virtual<\/span><\/h2>\t\t\t\t<\/div>\n\t\t\t\t<div class=\"elementor-element elementor-element-1c04767 icono-flecha elementor-view-default elementor-widget elementor-widget-icon\" data-id=\"1c04767\" data-element_type=\"widget\" data-e-type=\"widget\" data-widget_type=\"icon.default\">\n\t\t\t\t\t\t\t<div class=\"elementor-icon-wrapper\">\n\t\t\t<div class=\"elementor-icon\">\n\t\t\t<svg aria-hidden=\"true\" class=\"e-font-icon-svg e-fas-arrow-right\" viewBox=\"0 0 448 512\" xmlns=\"http:\/\/www.w3.org\/2000\/svg\"><path d=\"M190.5 66.9l22.2-22.2c9.4-9.4 24.6-9.4 33.9 0L441 239c9.4 9.4 9.4 24.6 0 33.9L246.6 467.3c-9.4 9.4-24.6 9.4-33.9 0l-22.2-22.2c-9.5-9.5-9.3-25 .4-34.3L311.4 296H24c-13.3 0-24-10.7-24-24v-32c0-13.3 10.7-24 24-24h287.4L190.9 101.2c-9.8-9.3-10-24.8-.4-34.3z\"><\/path><\/svg>\t\t\t<\/div>\n\t\t<\/div>\n\t\t\t\t\t\t<\/div>\n\t\t\t\t<\/div>\n\t\t<div class=\"elementor-element elementor-element-1a9ae0b e-con-full e-flex e-con e-child\" data-id=\"1a9ae0b\" data-element_type=\"container\" data-e-type=\"container\">\n\t\t<div class=\"elementor-element elementor-element-0dac744 e-con-full contenedor-clickeable e-flex e-con e-child\" data-id=\"0dac744\" data-element_type=\"container\" data-e-type=\"container\">\n\t\t\t\t<div class=\"elementor-element elementor-element-a27ac65 elementor-view-default elementor-widget elementor-widget-icon\" data-id=\"a27ac65\" data-element_type=\"widget\" data-e-type=\"widget\" data-widget_type=\"icon.default\">\n\t\t\t\t\t\t\t<div class=\"elementor-icon-wrapper\">\n\t\t\t<div class=\"elementor-icon\">\n\t\t\t<svg xmlns=\"http:\/\/www.w3.org\/2000\/svg\" id=\"Layer_1\" viewBox=\"0 0 500 500\"><path style=\"fill: currentColor;\" d=\"M448.18,415.77c-16.52-34.14-45.84-54.43-65.94-61.43-23.02-8.02-42.95-13.8-50.62-15.96l-16.03-33.93c14.44-14.26,24.31-33.23,26.99-54.64l1.78-14.27h23.87c11.62,0,21.07-9.45,21.07-21.07v-66.89c0-76.96-62.61-139.56-139.56-139.56S110.19,70.62,110.19,147.58v66.89c0,10.6,7.88,19.37,18.08,20.83v13.52c0,14.01,11.4,25.41,25.41,25.41h10.64c4.79,11.45,11.79,21.69,20.44,30.24l-16.35,33.9c-7.65,2.15-27.6,7.94-50.65,15.97-20.1,7-49.42,27.29-65.94,61.43-14.61,30.2-15.82,49.74-15.82,68.71,0,4.14,3.36,7.5,7.5,7.5h413.02c4.14,0,7.5-3.36,7.5-7.5,0-18.97-1.21-38.51-15.83-68.71ZM250,471.16c-8.54-12.68-24.46-36.83-38-60.3l37.29-38.42,37.75,40.05c-13.32,22.94-28.7,46.27-37.05,58.66ZM294.76,398.82l-35-37.14,44.59-45.93,14.1,29.85c-1.35,5.28-6.43,21.56-23.69,53.22ZM249.46,350.75l-20.59-21.85c6.87,1.61,14.01,2.47,21.34,2.47,6.93,0,13.7-.79,20.24-2.24l-20.99,21.62ZM161.45,141.84c.87-19.31,8.34-37.94,21.36-52.57,16.07-18.05,39.15-28.41,63.32-28.41h8.92c24.3,0,47.46,10.45,63.54,28.66,15.38,17.42,22.91,40.39,20.9,63.46-56.34-4.79-83.42-26.07-102.47-46.48-1.35-1.45-3.23-2.31-5.22-2.38-23.55-.84-45.41,9.2-63.28,29.04-2.63,2.92-4.98,5.85-7.08,8.67ZM368.24,220.54h-22l7.81-62.54c.09-.71.16-1.42.24-2.13h20.03v58.61c0,3.35-2.72,6.07-6.07,6.07ZM249.75,23.02c66.43,0,120.88,52.27,124.38,117.84h-19.44c-1.08-22.48-9.74-44.14-24.86-61.26-18.93-21.44-46.19-33.74-74.79-33.74h-8.92c-28.45,0-55.61,12.19-74.52,33.43-15.26,17.14-24.04,38.94-25.13,61.56h-21.11c3.5-65.57,57.95-117.84,124.38-117.84ZM125.19,214.47v-58.61h21.7c.05.44.09.89.14,1.33l7.39,63.35h-23.16c-3.35,0-6.07-2.72-6.07-6.07ZM153.68,259.23c-5.74,0-10.41-4.67-10.41-10.41v-13.28h12.9l1.58,13.52c.4,3.46,1.01,6.84,1.78,10.17h-5.84ZM205.57,274.23c3.37,10.72,13.4,18.52,25.22,18.52h18.54c14.58,0,26.43-11.86,26.43-26.43s-11.86-26.43-26.43-26.43h-18.54c-12.12,0-22.35,8.2-25.46,19.35h-30.35c-1.07-3.85-1.87-7.82-2.35-11.9l-9.32-79.93c4.26-8.69,25.6-47.77,64.95-48.31,8.71,9.06,21.97,21.22,41.19,30.87,19.42,9.76,41.82,15.64,68.24,17.93l-9.99,80.07c-4.87,39.01-38.18,68.42-77.49,68.42-29.92,0-56.24-16.92-69.33-42.14h24.7ZM219.36,266.32c0-6.3,5.13-11.43,11.43-11.43h18.54c6.3,0,11.43,5.13,11.43,11.43s-5.13,11.43-11.43,11.43h-18.54c-6.3,0-11.43-5.13-11.43-11.43ZM195.93,315.83l43.07,45.69-34.63,35.67c-16.55-30.61-21.49-46.42-22.8-51.57l14.37-29.8ZM51.08,476.98c.45-15.3,2.85-31.15,14.23-54.68,14.52-30.01,39.98-47.74,57.38-53.8,19.32-6.73,36.4-11.85,45.65-14.52,2.87,9.16,9.58,26.36,25.16,54.62.85,1.54,1.72,3.1,2.6,4.65,0,0,0,.01.01.02,13.48,23.89,30.08,49.3,39.72,63.7H51.08ZM264.16,476.98c9.4-14.03,25.38-38.49,38.66-61.82.02-.04.05-.08.07-.12,1.23-2.16,2.43-4.3,3.6-6.43,15.58-28.27,22.29-45.47,25.16-54.62,9.25,2.67,26.33,7.79,45.65,14.52,17.39,6.06,42.85,23.79,57.38,53.8,11.39,23.53,13.78,39.38,14.23,54.68h-184.75Z\"><\/path><path style=\"fill: currentColor;\" d=\"M407.11,418.56c-6.18-7.77-14.35-14.42-14.69-14.7-3.22-2.61-7.93-2.12-10.54,1.1-2.61,3.21-2.12,7.94,1.09,10.55.07.06,7.26,5.93,12.4,12.39,5.91,7.43,9.23,14.29,9.26,14.36,1.29,2.7,3.97,4.27,6.77,4.27,1.08,0,2.17-.23,3.21-.73,3.74-1.78,5.33-6.25,3.56-9.99-.16-.34-4.02-8.4-11.06-17.25Z\"><\/path><\/svg>\t\t\t<\/div>\n\t\t<\/div>\n\t\t\t\t\t\t<\/div>\n\t\t\t\t<div class=\"elementor-element elementor-element-bde54c1 elementor-widget elementor-widget-heading\" data-id=\"bde54c1\" data-element_type=\"widget\" data-e-type=\"widget\" data-widget_type=\"heading.default\">\n\t\t\t\t\t<h2 class=\"elementor-heading-title elementor-size-default\">Ante cualquier\u00a0duda<br>puede comunicarse a:<\/h2>\t\t\t\t<\/div>\n\t\t\t\t<div class=\"elementor-element elementor-element-2f7077c elementor-list-item-link-inline elementor-icon-list--layout-traditional elementor-widget elementor-widget-icon-list\" data-id=\"2f7077c\" data-element_type=\"widget\" data-e-type=\"widget\" data-widget_type=\"icon-list.default\">\n\t\t\t\t\t\t\t<ul class=\"elementor-icon-list-items\">\n\t\t\t\t\t\t\t<li class=\"elementor-icon-list-item\">\n\t\t\t\t\t\t\t\t\t\t\t<span class=\"elementor-icon-list-icon\">\n\t\t\t\t\t\t\t<svg aria-hidden=\"true\" class=\"e-font-icon-svg e-fas-phone-alt\" viewBox=\"0 0 512 512\" xmlns=\"http:\/\/www.w3.org\/2000\/svg\"><path d=\"M497.39 361.8l-112-48a24 24 0 0 0-28 6.9l-49.6 60.6A370.66 370.66 0 0 1 130.6 204.11l60.6-49.6a23.94 23.94 0 0 0 6.9-28l-48-112A24.16 24.16 0 0 0 122.6.61l-104 24A24 24 0 0 0 0 48c0 256.5 207.9 464 464 464a24 24 0 0 0 23.4-18.6l24-104a24.29 24.29 0 0 0-14.01-27.6z\"><\/path><\/svg>\t\t\t\t\t\t<\/span>\n\t\t\t\t\t\t\t\t\t\t<span class=\"elementor-icon-list-text\">(011) 4382-1880<\/span>\n\t\t\t\t\t\t\t\t\t<\/li>\n\t\t\t\t\t\t\t\t<li class=\"elementor-icon-list-item\">\n\t\t\t\t\t\t\t\t\t\t\t<a href=\"mailto:info@astreavirtual.com.ar\">\n\n\t\t\t\t\t\t\t\t\t\t\t\t<span class=\"elementor-icon-list-icon\">\n\t\t\t\t\t\t\t<svg aria-hidden=\"true\" class=\"e-font-icon-svg e-far-envelope\" viewBox=\"0 0 512 512\" xmlns=\"http:\/\/www.w3.org\/2000\/svg\"><path d=\"M464 64H48C21.49 64 0 85.49 0 112v288c0 26.51 21.49 48 48 48h416c26.51 0 48-21.49 48-48V112c0-26.51-21.49-48-48-48zm0 48v40.805c-22.422 18.259-58.168 46.651-134.587 106.49-16.841 13.247-50.201 45.072-73.413 44.701-23.208.375-56.579-31.459-73.413-44.701C106.18 199.465 70.425 171.067 48 152.805V112h416zM48 400V214.398c22.914 18.251 55.409 43.862 104.938 82.646 21.857 17.205 60.134 55.186 103.062 54.955 42.717.231 80.509-37.199 103.053-54.947 49.528-38.783 82.032-64.401 104.947-82.653V400H48z\"><\/path><\/svg>\t\t\t\t\t\t<\/span>\n\t\t\t\t\t\t\t\t\t\t<span class=\"elementor-icon-list-text\">info@astreavirtual.com.ar<\/span>\n\t\t\t\t\t\t\t\t\t\t\t<\/a>\n\t\t\t\t\t\t\t\t\t<\/li>\n\t\t\t\t\t\t<\/ul>\n\t\t\t\t\t\t<\/div>\n\t\t\t\t<\/div>\n\t\t<div class=\"elementor-element elementor-element-683d48b e-con-full e-flex e-con e-child\" data-id=\"683d48b\" data-element_type=\"container\" data-e-type=\"container\">\n\t\t\t\t<div class=\"elementor-element elementor-element-71c8869 elementor-widget elementor-widget-heading\" data-id=\"71c8869\" data-element_type=\"widget\" data-e-type=\"widget\" data-widget_type=\"heading.default\">\n\t\t\t\t\t<h2 class=\"elementor-heading-title elementor-size-default\">La Universidad Notarial Argentina  no brinda soporte t\u00e9cnico vinculado a Astrea Virtual.<\/h2>\t\t\t\t<\/div>\n\t\t\t\t<\/div>\n\t\t\t\t<\/div>\n\t\t\t\t\t<\/div>\n\t\t\t\t<\/div>\n\t\t\t\t<\/div>\n\t\t","protected":false},"excerpt":{"rendered":"<p>Biblioteca Virtual Usted est\u00e1 accediendoa la Biblioteca de Astrea Virtual ATENCI\u00d3N: El beneficio estar\u00e1 disponible desde abril de 2026 En virtud del acuerdo que la Universidad Notarial Argentina ha formalizado con Astrea, todos los alumnos que se inscriban durante 2026 en carreras y actividades de formaci\u00f3n continua de 64 horas o m\u00e1s de duraci\u00f3n podr\u00e1n [&hellip;]<\/p>\n","protected":false},"author":1,"featured_media":0,"parent":0,"menu_order":0,"comment_status":"closed","ping_status":"closed","template":"elementor_header_footer","meta":{"footnotes":""},"class_list":["post-16333","page","type-page","status-publish","hentry"],"_links":{"self":[{"href":"https:\/\/www.universidadnotarial.edu.ar\/una\/wp-json\/wp\/v2\/pages\/16333","targetHints":{"allow":["GET"]}}],"collection":[{"href":"https:\/\/www.universidadnotarial.edu.ar\/una\/wp-json\/wp\/v2\/pages"}],"about":[{"href":"https:\/\/www.universidadnotarial.edu.ar\/una\/wp-json\/wp\/v2\/types\/page"}],"author":[{"embeddable":true,"href":"https:\/\/www.universidadnotarial.edu.ar\/una\/wp-json\/wp\/v2\/users\/1"}],"replies":[{"embeddable":true,"href":"https:\/\/www.universidadnotarial.edu.ar\/una\/wp-json\/wp\/v2\/comments?post=16333"}],"version-history":[{"count":58,"href":"https:\/\/www.universidadnotarial.edu.ar\/una\/wp-json\/wp\/v2\/pages\/16333\/revisions"}],"predecessor-version":[{"id":19795,"href":"https:\/\/www.universidadnotarial.edu.ar\/una\/wp-json\/wp\/v2\/pages\/16333\/revisions\/19795"}],"wp:attachment":[{"href":"https:\/\/www.universidadnotarial.edu.ar\/una\/wp-json\/wp\/v2\/media?parent=16333"}],"curies":[{"name":"wp","href":"https:\/\/api.w.org\/{rel}","templated":true}]}}